{"id":7408,"date":"2026-03-11T14:24:24","date_gmt":"2026-03-11T14:24:24","guid":{"rendered":"https:\/\/luxhospital.az\/?page_id=7408"},"modified":"2026-03-14T03:16:09","modified_gmt":"2026-03-13T23:16:09","slug":"tecilli-tibbli-yardim-shobesi","status":"publish","type":"page","link":"https:\/\/luxhospital.az\/index.php\/services\/tecilli-tibbli-yardim-shobesi\/","title":{"rendered":"T\u0259cili Tibbi Yard\u0131m \u015f\u00f6b\u0259si"},"content":{"rendered":"\t\t<div data-elementor-type=\"wp-page\" data-elementor-id=\"7408\" class=\"elementor elementor-7408\">\n\t\t\t\t<div class=\"elementor-element elementor-element-4249133 e-flex e-con-boxed e-con e-parent\" data-id=\"4249133\" data-element_type=\"container\" data-e-type=\"container\">\n\t\t\t\t\t<div class=\"e-con-inner\">\n\t\t<div class=\"elementor-element elementor-element-24cfcd9 e-flex e-con-boxed e-con e-child\" data-id=\"24cfcd9\" data-element_type=\"container\" data-e-type=\"container\">\n\t\t\t\t\t<div class=\"e-con-inner\">\n\t\t<div class=\"elementor-element elementor-element-363eda8 e-con-full e-flex e-con e-child\" data-id=\"363eda8\" data-element_type=\"container\" data-e-type=\"container\">\n\t\t<div class=\"elementor-element elementor-element-6bf12b6 e-con-full e-flex e-con e-child\" data-id=\"6bf12b6\" data-element_type=\"container\" data-e-type=\"container\">\n\t\t\t\t<div class=\"elementor-element elementor-element-c424859 at-heading-animation at-animation-heading-style-3 elementor-widget elementor-widget-heading\" data-id=\"c424859\" data-element_type=\"widget\" data-e-type=\"widget\" data-settings=\"{&quot;ekit_we_effect_on&quot;:&quot;none&quot;}\" data-widget_type=\"heading.default\">\n\t\t\t\t\t<h2 class=\"elementor-heading-title elementor-size-default\"> T\u0259c\u0130l\u0130 T\u0130BB\u0130 Yard\u0131m \u015f\u00f6b\u0259s\u0130 <\/h2>\t\t\t\t<\/div>\n\t\t\t\t<div class=\"elementor-element elementor-element-7d1c5c2 services-single-video elementor-invisible elementor-widget elementor-widget-video\" data-id=\"7d1c5c2\" data-element_type=\"widget\" data-e-type=\"widget\" data-settings=\"{&quot;youtube_url&quot;:&quot;https:\\\/\\\/youtu.be\\\/FyknYmzEijk&quot;,&quot;show_image_overlay&quot;:&quot;yes&quot;,&quot;image_overlay&quot;:{&quot;url&quot;:&quot;&quot;,&quot;id&quot;:&quot;&quot;,&quot;size&quot;:&quot;&quot;,&quot;alt&quot;:&quot;&quot;,&quot;source&quot;:&quot;library&quot;},&quot;_animation&quot;:&quot;fadeInUp&quot;,&quot;_animation_delay&quot;:100,&quot;lazy_load&quot;:&quot;yes&quot;,&quot;video_type&quot;:&quot;youtube&quot;,&quot;controls&quot;:&quot;yes&quot;,&quot;ekit_we_effect_on&quot;:&quot;none&quot;}\" data-widget_type=\"video.default\">\n\t\t\t\t\t\t\t<div class=\"elementor-wrapper elementor-open-inline\">\n\t\t\t<div class=\"elementor-video\"><\/div>\t\t<\/div>\n\t\t\t\t\t\t<\/div>\n\t\t\t\t<div class=\"elementor-element elementor-element-3c43551 elementor-invisible elementor-widget elementor-widget-text-editor\" data-id=\"3c43551\" data-element_type=\"widget\" data-e-type=\"widget\" data-settings=\"{&quot;_animation&quot;:&quot;fadeInUp&quot;,&quot;_animation_delay&quot;:200,&quot;ekit_we_effect_on&quot;:&quot;none&quot;}\" data-widget_type=\"text-editor.default\">\n\t\t\t\t\t\t\t\t\t<p>H\u0259r c\u00fcr t\u0259cili v\u0259ziyy\u0259t\u0259 m\u00fcdaxil\u0259 ed\u0259 bil\u0259c\u0259k tibbi hey\u0259t v\u0259 t\u0259chizata sahib olan T\u0259cili v\u0259 T\u0259xir\u0259sal\u0131nmaz Tibbi Yard\u0131m \u015f\u00f6b\u0259miz h\u0259ft\u0259nin 7 g\u00fcn\u00fc 24 saatl\u0131q i\u015f qrafiki il\u0259 x\u0259st\u0259l\u0259r\u0259 keyfiyy\u0259tli v\u0259 zaman\u0131nda t\u0259cili tibbi yard\u0131m g\u00f6st\u0259rir.<\/p>\t\t\t\t\t\t\t\t<\/div>\n\t\t\t\t<\/div>\n\t\t<div class=\"elementor-element elementor-element-a2f7bf0 e-flex e-con-boxed e-con e-child\" data-id=\"a2f7bf0\" data-element_type=\"container\" data-e-type=\"container\">\n\t\t\t\t\t<div class=\"e-con-inner\">\n\t\t\t\t<div class=\"elementor-element elementor-element-c334cb6 at-heading-animation at-animation-heading-style-3 elementor-widget elementor-widget-heading\" data-id=\"c334cb6\" data-element_type=\"widget\" data-e-type=\"widget\" data-settings=\"{&quot;ekit_we_effect_on&quot;:&quot;none&quot;}\" data-widget_type=\"heading.default\">\n\t\t\t\t\t<h2 class=\"elementor-heading-title elementor-size-default\">Sa\u011flaml\u0131q proqramlar\u0131<\/h2>\t\t\t\t<\/div>\n\t\t\t\t<div class=\"elementor-element elementor-element-9b31aea service-single-list elementor-icon-list--layout-traditional elementor-list-item-link-full_width elementor-invisible elementor-widget elementor-widget-icon-list\" data-id=\"9b31aea\" data-element_type=\"widget\" data-e-type=\"widget\" data-settings=\"{&quot;_animation&quot;:&quot;fadeInUp&quot;,&quot;_animation_delay&quot;:100,&quot;ekit_we_effect_on&quot;:&quot;none&quot;}\" data-widget_type=\"icon-list.default\">\n\t\t\t\t\t\t\t<ul class=\"elementor-icon-list-items\">\n\t\t\t\t\t\t\t<li class=\"elementor-icon-list-item\">\n\t\t\t\t\t\t\t\t\t\t\t<span class=\"elementor-icon-list-icon\">\n\t\t\t\t\t\t\t<i aria-hidden=\"true\" class=\"fas fa-check-circle\"><\/i>\t\t\t\t\t\t<\/span>\n\t\t\t\t\t\t\t\t\t\t<span class=\"elementor-icon-list-text\">24\/7 f\u0259aliyy\u0259t g\u00f6st\u0259r\u0259n t\u0259cili tibbi yard\u0131m xidm\u0259ti<\/span>\n\t\t\t\t\t\t\t\t\t<\/li>\n\t\t\t\t\t\t\t\t<li class=\"elementor-icon-list-item\">\n\t\t\t\t\t\t\t\t\t\t\t<span class=\"elementor-icon-list-icon\">\n\t\t\t\t\t\t\t<i aria-hidden=\"true\" class=\"fas fa-check-circle\"><\/i>\t\t\t\t\t\t<\/span>\n\t\t\t\t\t\t\t\t\t\t<span class=\"elementor-icon-list-text\">H\u0259r c\u00fcr t\u0259cili v\u0259ziyy\u0259t\u0259 operativ m\u00fcdaxil\u0259<\/span>\n\t\t\t\t\t\t\t\t\t<\/li>\n\t\t\t\t\t\t\t\t<li class=\"elementor-icon-list-item\">\n\t\t\t\t\t\t\t\t\t\t\t<span class=\"elementor-icon-list-icon\">\n\t\t\t\t\t\t\t<i aria-hidden=\"true\" class=\"fas fa-check-circle\"><\/i>\t\t\t\t\t\t<\/span>\n\t\t\t\t\t\t\t\t\t\t<span class=\"elementor-icon-list-text\">Pe\u015f\u0259kar tibbi hey\u0259t t\u0259r\u0259find\u0259n xidm\u0259t<\/span>\n\t\t\t\t\t\t\t\t\t<\/li>\n\t\t\t\t\t\t\t\t<li class=\"elementor-icon-list-item\">\n\t\t\t\t\t\t\t\t\t\t\t<span class=\"elementor-icon-list-icon\">\n\t\t\t\t\t\t\t<i aria-hidden=\"true\" class=\"fas fa-check-circle\"><\/i>\t\t\t\t\t\t<\/span>\n\t\t\t\t\t\t\t\t\t\t<span class=\"elementor-icon-list-text\">T\u0259cili v\u0259 t\u0259xir\u0259sal\u0131nmaz tibbi yard\u0131m\u0131n g\u00f6st\u0259rilm\u0259si<\/span>\n\t\t\t\t\t\t\t\t\t<\/li>\n\t\t\t\t\t\t\t\t<li class=\"elementor-icon-list-item\">\n\t\t\t\t\t\t\t\t\t\t\t<span class=\"elementor-icon-list-icon\">\n\t\t\t\t\t\t\t<i aria-hidden=\"true\" class=\"fas fa-check-circle\"><\/i>\t\t\t\t\t\t<\/span>\n\t\t\t\t\t\t\t\t\t\t<span class=\"elementor-icon-list-text\">M\u00fcasir tibbi avadanl\u0131qlarla t\u0259chizat<\/span>\n\t\t\t\t\t\t\t\t\t<\/li>\n\t\t\t\t\t\t\t\t<li class=\"elementor-icon-list-item\">\n\t\t\t\t\t\t\t\t\t\t\t<span class=\"elementor-icon-list-icon\">\n\t\t\t\t\t\t\t<i aria-hidden=\"true\" class=\"fas fa-check-circle\"><\/i>\t\t\t\t\t\t<\/span>\n\t\t\t\t\t\t\t\t\t\t<span class=\"elementor-icon-list-text\">Pasiyentl\u0259r\u0259 zaman\u0131nda tibbi yard\u0131m<\/span>\n\t\t\t\t\t\t\t\t\t<\/li>\n\t\t\t\t\t\t\t\t<li class=\"elementor-icon-list-item\">\n\t\t\t\t\t\t\t\t\t\t\t<span class=\"elementor-icon-list-icon\">\n\t\t\t\t\t\t\t<i aria-hidden=\"true\" class=\"fas fa-check-circle\"><\/i>\t\t\t\t\t\t<\/span>\n\t\t\t\t\t\t\t\t\t\t<span class=\"elementor-icon-list-text\">Keyfiyy\u0259tli v\u0259 operativ tibbi xidm\u0259t<\/span>\n\t\t\t\t\t\t\t\t\t<\/li>\n\t\t\t\t\t\t<\/ul>\n\t\t\t\t\t\t<\/div>\n\t\t\t\t\t<\/div>\n\t\t\t\t<\/div>\n\t\t\t\t<\/div>\n\t\t<div class=\"elementor-element elementor-element-ca05e8b e-con-full e-flex e-con e-child\" data-id=\"ca05e8b\" data-element_type=\"container\" data-e-type=\"container\">\n\t\t<div class=\"elementor-element elementor-element-b8e93e7 sticky-column e-flex e-con-boxed elementor-invisible e-con e-child\" data-id=\"b8e93e7\" data-element_type=\"container\" data-e-type=\"container\" data-settings=\"{&quot;animation&quot;:&quot;fadeInUp&quot;,&quot;animation_delay&quot;:100}\">\n\t\t\t\t\t<div class=\"e-con-inner\">\n\t\t<div class=\"elementor-element elementor-element-879378c e-flex e-con-boxed e-con e-child\" data-id=\"879378c\" data-element_type=\"container\" data-e-type=\"container\">\n\t\t\t\t\t<div class=\"e-con-inner\">\n\t\t\t\t<div class=\"elementor-element elementor-element-897f329 elementor-widget elementor-widget-medipro-elementor-template\" data-id=\"897f329\" data-element_type=\"widget\" data-e-type=\"widget\" data-settings=\"{&quot;ekit_we_effect_on&quot;:&quot;none&quot;}\" data-widget_type=\"medipro-elementor-template.default\">\n\t\t\t\t<div class=\"elementor-widget-container\">\n\t\t\t\t\t\t\t<div class=\"elementor-template\">\n\t\t\t\t\t<\/div>\n\t\t\t\t\t\t<\/div>\n\t\t\t\t<\/div>\n\t\t\t\t\t<\/div>\n\t\t\t\t<\/div>\n\t\t\t\t\t<\/div>\n\t\t\t\t<\/div>\n\t\t\t\t<\/div>\n\t\t\t\t\t<\/div>\n\t\t\t\t<\/div>\n\t\t\t\t\t<\/div>\n\t\t\t\t<\/div>\n\t\t\t\t<\/div>\n\t\t","protected":false},"excerpt":{"rendered":"<p>T\u0259c\u0130l\u0130 T\u0130BB\u0130 Yard\u0131m \u015f\u00f6b\u0259s\u0130 https:\/\/youtu.be\/FyknYmzEijk H\u0259r c\u00fcr t\u0259cili v\u0259ziyy\u0259t\u0259 m\u00fcdaxil\u0259 ed\u0259 bil\u0259c\u0259k [&hellip;]<\/p>\n","protected":false},"author":3,"featured_media":0,"parent":624,"menu_order":0,"comment_status":"closed","ping_status":"closed","template":"elementor_header_footer","meta":{"footnotes":""},"class_list":["post-7408","page","type-page","status-publish","hentry"],"_links":{"self":[{"href":"https:\/\/luxhospital.az\/index.php\/wp-json\/wp\/v2\/pages\/7408","targetHints":{"allow":["GET"]}}],"collection":[{"href":"https:\/\/luxhospital.az\/index.php\/wp-json\/wp\/v2\/pages"}],"about":[{"href":"https:\/\/luxhospital.az\/index.php\/wp-json\/wp\/v2\/types\/page"}],"author":[{"embeddable":true,"href":"https:\/\/luxhospital.az\/index.php\/wp-json\/wp\/v2\/users\/3"}],"replies":[{"embeddable":true,"href":"https:\/\/luxhospital.az\/index.php\/wp-json\/wp\/v2\/comments?post=7408"}],"version-history":[{"count":10,"href":"https:\/\/luxhospital.az\/index.php\/wp-json\/wp\/v2\/pages\/7408\/revisions"}],"predecessor-version":[{"id":8040,"href":"https:\/\/luxhospital.az\/index.php\/wp-json\/wp\/v2\/pages\/7408\/revisions\/8040"}],"up":[{"embeddable":true,"href":"https:\/\/luxhospital.az\/index.php\/wp-json\/wp\/v2\/pages\/624"}],"wp:attachment":[{"href":"https:\/\/luxhospital.az\/index.php\/wp-json\/wp\/v2\/media?parent=7408"}],"curies":[{"name":"wp","href":"https:\/\/api.w.org\/{rel}","templated":true}]}}