{"id":8195,"date":"2026-03-15T00:37:31","date_gmt":"2026-03-14T20:37:31","guid":{"rendered":"https:\/\/luxhospital.az\/?page_id=8195"},"modified":"2026-03-15T00:43:01","modified_gmt":"2026-03-14T20:43:01","slug":"stasionar-sobe","status":"publish","type":"page","link":"https:\/\/luxhospital.az\/index.php\/services\/stasionar-sobe\/","title":{"rendered":"Stasionar \u015e\u00f6b\u0259"},"content":{"rendered":"\t\t<div data-elementor-type=\"wp-page\" data-elementor-id=\"8195\" class=\"elementor elementor-8195\">\n\t\t\t\t<div class=\"elementor-element elementor-element-4249133 e-flex e-con-boxed e-con e-parent\" data-id=\"4249133\" data-element_type=\"container\" data-e-type=\"container\">\n\t\t\t\t\t<div class=\"e-con-inner\">\n\t\t<div class=\"elementor-element elementor-element-24cfcd9 e-flex e-con-boxed e-con e-child\" data-id=\"24cfcd9\" data-element_type=\"container\" data-e-type=\"container\">\n\t\t\t\t\t<div class=\"e-con-inner\">\n\t\t<div class=\"elementor-element elementor-element-363eda8 e-con-full e-flex e-con e-child\" data-id=\"363eda8\" data-element_type=\"container\" data-e-type=\"container\">\n\t\t<div class=\"elementor-element elementor-element-6bf12b6 e-con-full e-flex e-con e-child\" data-id=\"6bf12b6\" data-element_type=\"container\" data-e-type=\"container\">\n\t\t\t\t<div class=\"elementor-element elementor-element-c424859 at-heading-animation at-animation-heading-style-3 elementor-widget elementor-widget-heading\" data-id=\"c424859\" data-element_type=\"widget\" data-e-type=\"widget\" data-settings=\"{&quot;ekit_we_effect_on&quot;:&quot;none&quot;}\" data-widget_type=\"heading.default\">\n\t\t\t\t\t<h2 class=\"elementor-heading-title elementor-size-default\">Stas\u0130onar \u015e\u00f6b\u0259s\u0130<\/h2>\t\t\t\t<\/div>\n\t\t\t\t<div class=\"elementor-element elementor-element-42d4004 at-image-animation at-animation-image-none elementor-widget elementor-widget-image\" data-id=\"42d4004\" data-element_type=\"widget\" data-e-type=\"widget\" data-settings=\"{&quot;ekit_we_effect_on&quot;:&quot;none&quot;}\" data-widget_type=\"image.default\">\n\t\t\t\t\t\t\t\t\t\t\t\t\t\t\t<img fetchpriority=\"high\" decoding=\"async\" width=\"800\" height=\"534\" src=\"https:\/\/luxhospital.az\/wp-content\/uploads\/2026\/03\/DSC6552.jpg-1024x683.jpeg\" class=\"attachment-large size-large wp-image-8200\" alt=\"\" srcset=\"https:\/\/luxhospital.az\/wp-content\/uploads\/2026\/03\/DSC6552.jpg-1024x683.jpeg 1024w, https:\/\/luxhospital.az\/wp-content\/uploads\/2026\/03\/DSC6552.jpg-300x200.jpeg 300w, https:\/\/luxhospital.az\/wp-content\/uploads\/2026\/03\/DSC6552.jpg-768x512.jpeg 768w, https:\/\/luxhospital.az\/wp-content\/uploads\/2026\/03\/DSC6552.jpg-1536x1024.jpeg 1536w, https:\/\/luxhospital.az\/wp-content\/uploads\/2026\/03\/DSC6552.jpg-2048x1365.jpeg 2048w\" sizes=\"(max-width: 800px) 100vw, 800px\" \/>\t\t\t\t\t\t\t\t\t\t\t\t\t\t\t<\/div>\n\t\t\t\t<div class=\"elementor-element elementor-element-3c43551 elementor-invisible elementor-widget elementor-widget-text-editor\" data-id=\"3c43551\" data-element_type=\"widget\" data-e-type=\"widget\" data-settings=\"{&quot;_animation&quot;:&quot;fadeInUp&quot;,&quot;_animation_delay&quot;:200,&quot;ekit_we_effect_on&quot;:&quot;none&quot;}\" data-widget_type=\"text-editor.default\">\n\t\t\t\t\t\t\t\t\t<p>Stasionar \u015f\u00f6b\u0259 x\u0259st\u0259xanada pasiyentl\u0259rin h\u0259kim n\u0259zar\u0259ti alt\u0131nda m\u00fcalic\u0259 ald\u0131\u011f\u0131 v\u0259 m\u00fcv\u0259qq\u0259ti olaraq yerl\u0259\u015fdirildiyi b\u00f6lm\u0259dir. Bu \u015f\u00f6b\u0259d\u0259 pasiyentl\u0259r\u0259 24 saat tibbi n\u0259zar\u0259t, diaqnostika, m\u00fcalic\u0259 v\u0259 \u0259m\u0259liyyatdan sonrak\u0131 qulluq xidm\u0259tl\u0259ri g\u00f6st\u0259rilir. M\u00fcasir tibbi avadanl\u0131qlar v\u0259 pe\u015f\u0259kar tibb hey\u0259ti say\u0259sind\u0259 pasiyentl\u0259rin t\u0259hl\u00fck\u0259siz v\u0259 komfortlu m\u00fcalic\u0259si t\u0259min olunur.<\/p><p>Stasionar \u015f\u00f6b\u0259d\u0259 pasiyentl\u0259rin v\u0259ziyy\u0259tin\u0259 uy\u011fun f\u0259rdi m\u00fcalic\u0259 plan\u0131 haz\u0131rlan\u0131r, m\u00fct\u0259madi tibbi n\u0259zar\u0259t apar\u0131l\u0131r v\u0259 z\u0259ruri hallarda dig\u0259r ixtisasl\u0131 h\u0259kiml\u0259rin konsultasiyas\u0131 t\u0259\u015fkil edilir. \u015e\u00f6b\u0259 rahat palatalar, y\u00fcks\u0259k keyfiyy\u0259tli tibbi xidm\u0259t v\u0259 pasiyentl\u0259rin s\u00fcr\u0259tli sa\u011falmas\u0131na y\u00f6n\u0259lmi\u015f m\u00fcalic\u0259 \u015f\u0259raiti il\u0259 t\u0259min olunmu\u015fdur.<\/p>\t\t\t\t\t\t\t\t<\/div>\n\t\t\t\t<\/div>\n\t\t<div class=\"elementor-element elementor-element-a2f7bf0 e-flex e-con-boxed e-con e-child\" data-id=\"a2f7bf0\" data-element_type=\"container\" data-e-type=\"container\">\n\t\t\t\t\t<div class=\"e-con-inner\">\n\t\t\t\t<div class=\"elementor-element elementor-element-c334cb6 at-heading-animation at-animation-heading-style-3 elementor-widget elementor-widget-heading\" data-id=\"c334cb6\" data-element_type=\"widget\" data-e-type=\"widget\" data-settings=\"{&quot;ekit_we_effect_on&quot;:&quot;none&quot;}\" data-widget_type=\"heading.default\">\n\t\t\t\t\t<h2 class=\"elementor-heading-title elementor-size-default\">Sa\u011flaml\u0131q proqramlar\u0131<\/h2>\t\t\t\t<\/div>\n\t\t\t\t<div class=\"elementor-element elementor-element-9b31aea service-single-list elementor-icon-list--layout-traditional elementor-list-item-link-full_width elementor-invisible elementor-widget elementor-widget-icon-list\" data-id=\"9b31aea\" data-element_type=\"widget\" data-e-type=\"widget\" data-settings=\"{&quot;_animation&quot;:&quot;fadeInUp&quot;,&quot;_animation_delay&quot;:100,&quot;ekit_we_effect_on&quot;:&quot;none&quot;}\" data-widget_type=\"icon-list.default\">\n\t\t\t\t\t\t\t<ul class=\"elementor-icon-list-items\">\n\t\t\t\t\t\t\t<li class=\"elementor-icon-list-item\">\n\t\t\t\t\t\t\t\t\t\t\t<span class=\"elementor-icon-list-icon\">\n\t\t\t\t\t\t\t<i aria-hidden=\"true\" class=\"fas fa-check-circle\"><\/i>\t\t\t\t\t\t<\/span>\n\t\t\t\t\t\t\t\t\t\t<span class=\"elementor-icon-list-text\">\u00dcmumi sa\u011flaml\u0131q m\u00fcayin\u0259si v\u0259 kompleks diaqnostika proqram\u0131<\/span>\n\t\t\t\t\t\t\t\t\t<\/li>\n\t\t\t\t\t\t\t\t<li class=\"elementor-icon-list-item\">\n\t\t\t\t\t\t\t\t\t\t\t<span class=\"elementor-icon-list-icon\">\n\t\t\t\t\t\t\t<i aria-hidden=\"true\" class=\"fas fa-check-circle\"><\/i>\t\t\t\t\t\t<\/span>\n\t\t\t\t\t\t\t\t\t\t<span class=\"elementor-icon-list-text\"> \u018fm\u0259liyyatdan \u0259vv\u0259l v\u0259 \u0259m\u0259liyyatdan sonrak\u0131 m\u00fc\u015fahid\u0259 proqram\u0131<\/span>\n\t\t\t\t\t\t\t\t\t<\/li>\n\t\t\t\t\t\t\t\t<li class=\"elementor-icon-list-item\">\n\t\t\t\t\t\t\t\t\t\t\t<span class=\"elementor-icon-list-icon\">\n\t\t\t\t\t\t\t<i aria-hidden=\"true\" class=\"fas fa-check-circle\"><\/i>\t\t\t\t\t\t<\/span>\n\t\t\t\t\t\t\t\t\t\t<span class=\"elementor-icon-list-text\"> Kardioloji m\u00fcayin\u0259 v\u0259 \u00fcr\u0259k-damar sa\u011flaml\u0131\u011f\u0131 proqram\u0131<\/span>\n\t\t\t\t\t\t\t\t\t<\/li>\n\t\t\t\t\t\t\t\t<li class=\"elementor-icon-list-item\">\n\t\t\t\t\t\t\t\t\t\t\t<span class=\"elementor-icon-list-icon\">\n\t\t\t\t\t\t\t<i aria-hidden=\"true\" class=\"fas fa-check-circle\"><\/i>\t\t\t\t\t\t<\/span>\n\t\t\t\t\t\t\t\t\t\t<span class=\"elementor-icon-list-text\"> Endokrinoloji v\u0259 metabolik x\u0259st\u0259likl\u0259rin diaqnostika proqram\u0131<\/span>\n\t\t\t\t\t\t\t\t\t<\/li>\n\t\t\t\t\t\t\t\t<li class=\"elementor-icon-list-item\">\n\t\t\t\t\t\t\t\t\t\t\t<span class=\"elementor-icon-list-icon\">\n\t\t\t\t\t\t\t<i aria-hidden=\"true\" class=\"fas fa-check-circle\"><\/i>\t\t\t\t\t\t<\/span>\n\t\t\t\t\t\t\t\t\t\t<span class=\"elementor-icon-list-text\"> Onkoloji skrininq v\u0259 erk\u0259n diaqnostika proqram\u0131<\/span>\n\t\t\t\t\t\t\t\t\t<\/li>\n\t\t\t\t\t\t\t\t<li class=\"elementor-icon-list-item\">\n\t\t\t\t\t\t\t\t\t\t\t<span class=\"elementor-icon-list-icon\">\n\t\t\t\t\t\t\t<i aria-hidden=\"true\" class=\"fas fa-check-circle\"><\/i>\t\t\t\t\t\t<\/span>\n\t\t\t\t\t\t\t\t\t\t<span class=\"elementor-icon-list-text\"> Reabilitasiya v\u0259 b\u0259rpa m\u00fcalic\u0259si proqram\u0131<\/span>\n\t\t\t\t\t\t\t\t\t<\/li>\n\t\t\t\t\t\t\t\t<li class=\"elementor-icon-list-item\">\n\t\t\t\t\t\t\t\t\t\t\t<span class=\"elementor-icon-list-icon\">\n\t\t\t\t\t\t\t<i aria-hidden=\"true\" class=\"fas fa-check-circle\"><\/i>\t\t\t\t\t\t<\/span>\n\t\t\t\t\t\t\t\t\t\t<span class=\"elementor-icon-list-text\">F\u0259rdi tibbi m\u00fc\u015fahid\u0259 v\u0259 stasionar m\u00fcalic\u0259 proqram\u0131<\/span>\n\t\t\t\t\t\t\t\t\t<\/li>\n\t\t\t\t\t\t<\/ul>\n\t\t\t\t\t\t<\/div>\n\t\t\t\t\t<\/div>\n\t\t\t\t<\/div>\n\t\t\t\t<\/div>\n\t\t<div class=\"elementor-element elementor-element-ca05e8b e-con-full e-flex e-con e-child\" data-id=\"ca05e8b\" data-element_type=\"container\" data-e-type=\"container\">\n\t\t<div class=\"elementor-element elementor-element-b8e93e7 sticky-column e-flex e-con-boxed elementor-invisible e-con e-child\" data-id=\"b8e93e7\" data-element_type=\"container\" data-e-type=\"container\" data-settings=\"{&quot;animation&quot;:&quot;fadeInUp&quot;,&quot;animation_delay&quot;:100}\">\n\t\t\t\t\t<div class=\"e-con-inner\">\n\t\t<div class=\"elementor-element elementor-element-879378c e-flex e-con-boxed e-con e-child\" data-id=\"879378c\" data-element_type=\"container\" data-e-type=\"container\">\n\t\t\t\t\t<div class=\"e-con-inner\">\n\t\t\t\t<div class=\"elementor-element elementor-element-897f329 elementor-widget elementor-widget-medipro-elementor-template\" data-id=\"897f329\" data-element_type=\"widget\" data-e-type=\"widget\" data-settings=\"{&quot;ekit_we_effect_on&quot;:&quot;none&quot;}\" data-widget_type=\"medipro-elementor-template.default\">\n\t\t\t\t<div class=\"elementor-widget-container\">\n\t\t\t\t\t\t\t<div class=\"elementor-template\">\n\t\t\t\t\t<\/div>\n\t\t\t\t\t\t<\/div>\n\t\t\t\t<\/div>\n\t\t\t\t\t<\/div>\n\t\t\t\t<\/div>\n\t\t\t\t\t<\/div>\n\t\t\t\t<\/div>\n\t\t\t\t<\/div>\n\t\t\t\t\t<\/div>\n\t\t\t\t<\/div>\n\t\t\t\t\t<\/div>\n\t\t\t\t<\/div>\n\t\t\t\t<\/div>\n\t\t","protected":false},"excerpt":{"rendered":"<p>Stas\u0130onar \u015e\u00f6b\u0259s\u0130 Stasionar \u015f\u00f6b\u0259 x\u0259st\u0259xanada pasiyentl\u0259rin h\u0259kim n\u0259zar\u0259ti alt\u0131nda m\u00fcalic\u0259 ald\u0131\u011f\u0131 v\u0259 [&hellip;]<\/p>\n","protected":false},"author":3,"featured_media":0,"parent":624,"menu_order":0,"comment_status":"closed","ping_status":"closed","template":"elementor_header_footer","meta":{"footnotes":""},"class_list":["post-8195","page","type-page","status-publish","hentry"],"_links":{"self":[{"href":"https:\/\/luxhospital.az\/index.php\/wp-json\/wp\/v2\/pages\/8195","targetHints":{"allow":["GET"]}}],"collection":[{"href":"https:\/\/luxhospital.az\/index.php\/wp-json\/wp\/v2\/pages"}],"about":[{"href":"https:\/\/luxhospital.az\/index.php\/wp-json\/wp\/v2\/types\/page"}],"author":[{"embeddable":true,"href":"https:\/\/luxhospital.az\/index.php\/wp-json\/wp\/v2\/users\/3"}],"replies":[{"embeddable":true,"href":"https:\/\/luxhospital.az\/index.php\/wp-json\/wp\/v2\/comments?post=8195"}],"version-history":[{"count":9,"href":"https:\/\/luxhospital.az\/index.php\/wp-json\/wp\/v2\/pages\/8195\/revisions"}],"predecessor-version":[{"id":8206,"href":"https:\/\/luxhospital.az\/index.php\/wp-json\/wp\/v2\/pages\/8195\/revisions\/8206"}],"up":[{"embeddable":true,"href":"https:\/\/luxhospital.az\/index.php\/wp-json\/wp\/v2\/pages\/624"}],"wp:attachment":[{"href":"https:\/\/luxhospital.az\/index.php\/wp-json\/wp\/v2\/media?parent=8195"}],"curies":[{"name":"wp","href":"https:\/\/api.w.org\/{rel}","templated":true}]}}